{"id":46,"date":"2026-02-16T08:53:54","date_gmt":"2026-02-16T08:53:54","guid":{"rendered":"https:\/\/dev.neuelaufkultur.de\/?page_id=46"},"modified":"2026-02-20T08:53:14","modified_gmt":"2026-02-20T08:53:14","slug":"auschreibung","status":"publish","type":"page","link":"https:\/\/dev.neuelaufkultur.de\/index.php\/auschreibung\/","title":{"rendered":"Ausschreibung"},"content":{"rendered":"\n<h2 class=\"wp-block-heading\">13. D\u00f6belner Halbmarathon 2026<\/h2>\n\n\n\n<div class=\"wp-block-columns is-layout-flex wp-container-core-columns-is-layout-9d6595d7 wp-block-columns-is-layout-flex\">\n<div class=\"wp-block-column is-layout-flow wp-block-column-is-layout-flow\" style=\"flex-basis:66.67%\">\n<p><strong>VERANSTALTER<\/strong><br><br>\u201eWelcome Wellness\u201c Sport- und Tanzverein D\u00f6beln e.V.<br>Abt. &#8222;neuelaufkultur&#8220;<br>Fichtestra\u00dfe 10<br>04720 D\u00f6beln<br>E-Mail: <a href=\"javascript:linkTo_UnCryptMailto('ocknvq,pgwgncwhmwnvwtBygd0fg');\">neuelaufkultur\u00a9web.de<\/a><br>www.neuelaufkultur.de\u00a0<br><br><br><strong>ORGANISATIONSLEITUNG<\/strong><br>Andreas Bunk<br>E-Mail: <a href=\"javascript:linkTo_UnCryptMailto('ocknvq,pgwgncwhmwnvwtBygd0fg');\">neuelaufkultur\u00a9web.de<\/a><br><br><br><strong>STRECKEN*<\/strong><br>Sparkassen-Kids-Cup 800 Meter: m\/w Jahrgang 2015 \u2013 2018<br>Sparkassen-Kids-Cup 400 Meter: m\/w Jahrgang 2019 und j\u00fcnger<br><br><strong>2,5 km:<\/strong>\u00a0m\/w ab Jahrgang 2018 und \u00e4lter<br><br><strong>5 km Lauf: <\/strong>m\/w ab Jahrgang 2016 und \u00e4lter<br><br><strong>10 km Lauf: <\/strong>m\/w Jahrgang 2012 und \u00e4lter<br><br><strong>21,1 km Halbmarathon: <\/strong>m\/w Jahrgang 2010 und \u00e4lter<br><br>&#8212;&#8212;&#8212;&#8212;&#8212;&#8212;&#8212;&#8212;&#8212;&#8212;&#8212;&#8212;&#8212;&#8212;&#8212;&#8212;&#8212;&#8212;&#8212;&#8212;&#8212;&#8212;&#8212;&#8212;&#8212;-<br><strong><br>Firmenstaffelwertung<\/strong> (3 Starter): 10 km \/ 5 km \/ 2,5 km<br>Zur Einzelwertung f\u00fcr den jeweiligen L\u00e4ufer kommt eine Gesamtwertung als Firma\/Team.<br><br>&#8212;&#8212;&#8212;&#8212;&#8212;&#8212;&#8212;&#8212;&#8212;&#8212;&#8212;&#8212;&#8212;&#8212;&#8212;&#8212;&#8212;&#8212;&#8212;&#8212;&#8212;&#8212;&#8212;&#8212;&#8212;-<br><br>*Der Veranstalter beh\u00e4lt sich vor, den Streckenverlauf jederzeit zu \u00e4ndern, wenn dies aus seiner Sicht erforderlich ist.<br><br><br><strong>AUSGABE DER STARTUNTERLAGEN<\/strong><br>Starter-Zelt auf dem Obermarkt in<br>04720 D\u00f6beln<br><br>Sonntag, 13. September 2026: 8 bis 9.30 Uhr<br><br>Bitte bringen Sie Ihre Anmeldebest\u00e4tigung mit.<br><br><br><strong>ONLINEANMELDUNG<\/strong><br>Im Internet werden Einzel- sowie ein Sammelanmeldeformular direkt angeboten.<br><strong><br>ZAHLUNG DER STARTGEB\u00dcHR<\/strong><br>Die Zahlung bis Meldeschluss ist durch Erteilen einer Einzugserm\u00e4chtigung (Bankeinzug), Paypal, Kreditkarte oder Sofort\u00fcberweisung m\u00f6glich.<br>Ausl\u00e4ndische Teilnehmer zahlen das Startgeld im Rahmen der Startnummernausgabe im WelWel Sport- und Freizeitzentrum D\u00f6beln in bar.<br>G\u00fcltig f\u00fcr die H\u00f6he des Betrages ist das Datum der Anmeldung.<\/p>\n\n\n\n<p><strong>STARTGEB\u00dcHREN<\/strong><\/p>\n\n\n\n<p><strong>Halbmarathon<\/strong>&nbsp;<\/p>\n\n\n\n<p>bis 30.6.26 &#8211; 31 Euro \/ bis 12.9.26 &#8211; 34 Euro \/ Nachmeldung (ab Wettkampftag 0 Uhr) &nbsp;&#8211; 39 Euro<\/p>\n\n\n\n<p><strong>10 Kilometer<\/strong><\/p>\n\n\n\n<p>bis 30.6.26 &#8211; 18 Euro \/ bis 12.9.26 &#8211; 21 Euro \/ Nachmeldung (ab Wettkampftag 0 Uhr) &#8211; 24 Euro<\/p>\n\n\n\n<p>5 Kilometer<\/p>\n\n\n\n<p>bis 30.6.26 &#8211; 13 Euro \/ bis 12.9.26 &#8211; 16 Euro \/ Nachmeldung (ab Wettkampftag 0 Uhr) &#8211; 18 Euro<\/p>\n\n\n\n<p><strong>2,5 Kilometer<\/strong><\/p>\n\n\n\n<p>bis 30.6.26 &#8211; 8 Euro \/ bis 12.9.26 &#8211; 9 Euro \/ Nachmeldung (ab Wettkampftag 0 Uhr) &#8211; 10 Euro<\/p>\n\n\n\n<p>Die Teilnahme am Sparkassen Kids-Cup (Bambinilauf) ist kostenfrei.<\/p>\n\n\n\n<p>*G\u00fcltig ist&nbsp;der Tag der Onlineanmeldung.<\/p>\n\n\n\n<p><strong><br>MELDESCHLUSS und NACHMELDUNGEN<\/strong><br>Online-Meldeschluss ist Sonnabend, der 12. September 2026, 23:59 Uhr.<\/p>\n\n\n\n<p>Nachmeldungen und Ummeldungen sind noch am 14. September 2025 bei der Startnummernausgabe im WelWel Sport- und Freizeitzentrum D\u00f6beln m\u00f6glich.<\/p>\n\n\n\n<p>Die Nachmeldegeb\u00fchr vor Ort betr\u00e4gt:<br>Halbmarathon \u2013 5 EURO<br>10 Kilometer\u00a0 \u2013 3 EURO<br>5 Kilometer\u00a0 \u2013 2 EURO<br>2,5 Kilometer\u00a0 \u2013 1 EURO<br><br><strong>MELDEBEST\u00c4TIGUNG<\/strong><\/p>\n\n\n\n<p><br>Es erfolgt eine elektronische Meldebest\u00e4tigung per Mail. Im Internet wird die Liste aller gemeldeten Teilnehmer ver\u00f6ffentlicht und regelm\u00e4\u00dfig aktualisiert. Bitte beachten Sie, dass erst nach erfolgreicher Wertstellung des abgebuchten Betrages (dauert i.d.R. einige Tage) die Anmeldung g\u00fcltig ist<\/p>\n\n\n\n<p><strong>STARTVERZICHT\/UMMELDUNG<br><\/strong><br>Bei Startverzicht oder Ummeldung auf eine k\u00fcrzere Strecke erfolgt unabh\u00e4ngig vom Grund der Nichtteilnahme\/Ummeldung keine R\u00fcckerstattung der bisher bezahlten Organisationsgeb\u00fchr.<br><br><strong>AUSZEICHNUNGEN<br><\/strong>Auf allen Strecken werden bis einschlie\u00dflich Altersklasse U16 die drei jeweils schnellsten Starterinnen und Starter der Altersklasse geehrt.\u00a0<\/p>\n\n\n\n<p>F\u00fcr alle Starter des Bambinilaufes gibt es eine Medaille. Ausgezeichnet werden au\u00dferdem die schnellsten Drei der jeweiligen Altersklassen.<\/p>\n\n\n\n<p>Pr\u00e4mierung der ersten drei Teams der Firmenstaffelwertung.<\/p>\n\n\n\n<p><strong>URKUNDEN<\/strong><br>Alle Teilnehmer\/innen, die das Ziel erreichen, k\u00f6nnen sich ihre pers\u00f6nliche Urkunde im Zielbereich abholen.<br><br><strong>ZEITMESSUNG<\/strong><br>Bei allen Laufwettbewerben werden Netto- und Bruttozeit mittels Transponder erfasst. Dieser ist in der Startnummer integriert. Bitte knicken Sie die Startnummern nicht, da sonst die Zeitnahme nicht garantiert werden kann.<br><br><strong>STARTNUMMER<\/strong><br>Die Startnummer ist gut sichtbar anzubringen. Sponsorenlogos sind nicht zu verdecken.<br><strong><br>STRECKENBEGLEITUNG<\/strong><br>Das Begleiten der L\u00e4ufer mit dem Fahrrad ist nicht gestattet. Bei Nichteinhaltung dieser Forderung erfolgt die Disqualifikation des begleiteten L\u00e4ufers. Entlang der gesamten Strecken werden daf\u00fcr Streckenposten eingesetzt.<br><br><strong>START UND ZIEL<\/strong><br>Start und Ziel f\u00fcr alle Wettbewerbe ist das<br>der Obermarkt in 04720 D\u00f6beln<br><br><strong>ZIELSCHLUSS<\/strong><br>3.30 Stunden nach Start des Halbmarathons<br><br><strong>UMKLEIDER\u00c4UME UND SANIT\u00c4RE EINRICHTUNGEN<\/strong><br>Im Zielbereich stehen Umkleiden in einem Zelt zur Verf\u00fcgung. Jedoch keine Duschm\u00f6glichkeiten, WCs sind vor Ort vorhanden.<\/p>\n\n\n\n<p><strong>VERPFLEGUNG<br><\/strong>Im Start-Zielbereich werden Getr\u00e4nke bereitgestellt. Auf der Strecke werden ca. aller 5 Kilometer Getr\u00e4nke angeboten.\u00a0<br><br><strong>MEDIZINISCHE VERSORGUNG<\/strong><br>Entlang der Laufstrecke und im Zielbereich ist die medizinische Betreuung abgesichert. Alle Verpflegungsstellen dienen als Anlaufpunkt bei Verletzungen und Ausf\u00e4llen.<br>\u00a0<br><strong>FOTOSERVICE<\/strong><br>Wir arbeiten mit ehrenamtlichen Fotografen, einen Anspruch auf Fotomaterial gibt es nicht. In der Regel stellen wir Bilder von der Veranstaltung kostenfrei auf Facebook zur Verf\u00fcgung. Auch darauf besteht allerdings kein Anspruch.<\/p>\n\n\n\n<p>Mit der Teilnahme an der Veranstaltung erkl\u00e4rt sich jeder dazu bereit, dass von ihm Fotoaufnahmen gemacht werden.<br><br><strong>ERGEBNISSE<\/strong><br>Jeder Teilnehmer kann sich seine Wertung online auf der Homepage unserer Zeitnahmefirma Baer-Service anschauen. Entsprechende Links werden auf unserer Seite zur Verf\u00fcgung gestellt.<br><br><strong>ANFAHRT und PARKM\u00d6GLICHKEITEN<\/strong><br>Folgen Sie bei der Anfahrt in Richtung D\u00f6belner Zentrum den innerst\u00e4dtischen Hinweisschildern \u201eZentrum\u201c bzw. \u201eObermarkt\u201c. Diese f\u00fchren Sie direkt in die historische Innenstadt.<\/p>\n\n\n\n<p>Der Obermarkt befindet sich zentral in D\u00f6beln und ist gut ausgeschildert. In der n\u00e4heren Umgebung stehen \u00f6ffentliche Parkm\u00f6glichkeiten zur Verf\u00fcgung (u. a. im Innenstadtbereich sowie in ausgewiesenen Parkzonen). Bitte beachten Sie die aktuelle Beschilderung vor Ort sowie m\u00f6gliche Hinweise von Helferinnen und Helfern.<br><br><strong>TEILNAHMEBEDINGUNGEN D\u00d6BELNER HALBMARATHON IM DETAIL<\/strong><br>Die folgenden Teilnahmebedingungen regeln das zwischen dem Teilnehmer und dem Veranstalter zustande kommende Rechtsverh\u00e4ltnis und gelten f\u00fcr alle L\u00e4ufe im Rahmen des 13. D\u00f6belner Halbmarathons. Es kann weder gegen den Veranstalter noch gegen die Sponsoren oder die Stadt D\u00f6beln Anspruch erhoben werden. Veranstalter und Ausrichter des 13. D\u00f6belner Halbmarathons ist der \u201eWelcome Wellness\u201c Sport- und Tanzverein D\u00f6beln e.V., Abt. \u201eneuelaufkultur\u201c. Startberechtigt ist jeder, der das in der jeweiligen Veranstaltungsausschreibung vorgeschriebene Alter erreicht hat. Bei Minderj\u00e4hrigen ist mit der Anmeldung die Einverst\u00e4ndniserkl\u00e4rung der Erziehungsberechtigten vorzulegen. Die Meldung \u00fcber einen Verein, Schule, Kindergarten o.\u00e4. setzt voraus, dass die Einverst\u00e4ndniserkl\u00e4rung der Erziehungsberechtigten dort vorliegt. Der Teilnehmer versichert, dass ein ausreichender Gesundheitszustand von einem Arzt best\u00e4tigt wurde und er die n\u00f6tige k\u00f6rperliche Fitness besitzt, um an der Veranstaltung teilzunehmen. Die Teilnahme unter Verwendung anderer Sportger\u00e4te, akustischer Abspielger\u00e4te, Babyjogger und Tieren o.\u00e4. ist nicht gestattet.<br><br>Die Anmeldung kann per Online-Anmeldung \u00fcber das entsprechende \u201eWeb-Formular\u201c im Internet erfolgen oder schriftlich \u00fcber das Anmeldeformular bei der Nachmeldung. Nur mit Eingang des entsprechenden Teilnehmerbeitrags ist die Anmeldung g\u00fcltig.<br><br>Die Zahlung bis Meldeschluss ist durch Erteilen einer Einzugserm\u00e4chtigung (Bankeinzug), Paypal, Kreditkarte oder Sofort\u00fcberweisung m\u00f6glich. Fehlerhafte Angaben und dadurch entstehende Verwaltungsgeb\u00fchren gehen zu Lasten des Teilnehmers. Direkt nach dem Anmeldevorgang k\u00f6nnen Sie sich Ihre Meldebest\u00e4tigung ausdrucken und\/oder per E-Mail zuschicken lassen. Bringen Sie diese Best\u00e4tigung bitte zur Abholung Ihrer Startunterlagen bei der Startnummernausgabe mit.<br><br>Die Teilnahme ist h\u00f6chstpers\u00f6nliches Recht und bei allen L\u00e4ufen nicht \u00fcbertragbar. Startpl\u00e4tze d\u00fcrfen nicht getauscht oder \u00fcberschrieben werden. Tritt ein Teilnehmer nicht zum Start an oder erkl\u00e4rt er vorher seine Nichtteilnahme gegen\u00fcber dem Veranstalter, besteht kein Anspruch auf R\u00fcckerstattung des Teilnehmerbeitrags. Ist der Ausfall vom Veranstalter nicht zu vertreten, liegt es im Ermessen des Veranstalters, den Teilnehmerbeitrag r\u00fcckzuerstatten.<br><br>Wird die offiziell zugeteilte Startnummer in irgendeiner Weise ver\u00e4ndert, insbesondere der Werbeaufdruck unsichtbar oder unkenntlich gemacht, so kann der Teilnehmer von der Teilnahme ausgeschlossen werden, in jedem Falle wird er von der Zeitwertung ausgeschlossen.<br><br>Der Veranstalter ist in F\u00e4llen h\u00f6herer Gewalt berechtigt, \u00c4nderungen in der Durchf\u00fchrung der Veranstaltung vorzunehmen oder diese abzusagen. Auch wenn er aufgrund beh\u00f6rdlicher Anordnung oder aus Sicherheitsgr\u00fcnden dazu verpflichtet sein sollte, besteht kein Anspruch auf R\u00fcckerstattung des Teilnehmerbeitrags und sonstiger Aufwendungen im Rahmen der Veranstaltung, sowie keine Schadensersatzpflicht des Veranstalters. Der Veranstalter haftet nicht f\u00fcr nicht wenigstens grob fahrl\u00e4ssig verursachte Sach- und Verm\u00f6genssch\u00e4den. Ausgenommen von dieser Haftungsbegrenzung sind Sch\u00e4den des Lebens, des K\u00f6rpers und der Gesundheit, die auf der schuldhaften Verletzung des Veranstalters beruhen. Die vorstehenden Haftungsbeschr\u00e4nkungen erstrecken sich auf die pers\u00f6nliche Schadensersatzhaftung der Vertreter, Erf\u00fcllungsgehilfen und Dritter, derer sich der Veranstalter im Zusammenhang mit der Durchf\u00fchrung der Veranstaltung bedient bzw. mit denen er zu diesem Zweck vertraglich verbunden ist. Der Veranstalter \u00fcbernimmt keine Haftung f\u00fcr die gesundheitlichen Risiken des Teilnehmers im Zusammenhang mit der Teilnahme an Laufveranstaltungen.<br><br>Die bei der Anmeldung vom Teilnehmer angegeben personenbezogenen Daten, werden gespeichert und zu Zwecken der Durchf\u00fchrung und Abwicklung der Veranstaltung, einschlie\u00dflich des Zwecks der medizinischen Betreuung des Teilnehmers auf der Strecke und beim Zieleinlauf durch die die Veranstaltung betreuenden medizinischen Dienste, verarbeitet.<br>Mit der Anmeldung willigt der Teilnehmer in eine Speicherung der Daten zu diesem Zweck ein. Die in Zusammenhang mit der Teilnahme an der Veranstaltung gemachten Fotos, Filmaufnahmen und Interviews des Teilnehmers in Rundfunk, Fernsehen, Printmedien, Internet, B\u00fcchern und Vervielf\u00e4ltigungen k\u00f6nnen von den Veranstaltern ohne Anspruch auf Verg\u00fctung verbreitet und ver\u00f6ffentlicht werden. Es werden Name, Vorname, Geburtsjahr, Geschlecht, ggf. Verein, Startnummer und Ergebnis (Platzierung und Zeiten) des Teilnehmers zur Darstellung von Start- und Ergebnislisten in allen relevanten veranstaltungsbegleitenden Medien abgedruckt bzw. ver\u00f6ffentlicht. Mit der Anmeldung willigt der Teilnehmer in eine Speicherung und Verwertung der personenbezogenen Daten zu diesem Zweck ein.<br><\/p>\n\n\n\n<h2 class=\"wp-block-heading\">Startgeb\u00fchren<\/h2>\n\n\n\n<figure class=\"wp-block-table\"><table class=\"has-fixed-layout\"><tbody><tr><th>Datum*<\/th><td>Halbmarathon<\/td><td>10-km-Lauf<\/td><td>5-km-Lauf<\/td><td>2,5-km-Lauf<\/td><\/tr><tr><th>&nbsp;<\/th><td>&nbsp;<\/td><td>&nbsp;<\/td><td>&nbsp;<\/td><td>&nbsp;<\/td><\/tr><tr><th>&nbsp;<\/th><td>&nbsp;<\/td><td>&nbsp;<\/td><td>&nbsp;<\/td><td>&nbsp;<\/td><\/tr><tr><th>bis 30.06.26<\/th><td>31 Euro<\/td><td>18 Euro<\/td><td>13 Euro<\/td><td>8 Euro<\/td><\/tr><tr><th>&nbsp;<\/th><td>&nbsp;<\/td><td>&nbsp;<\/td><td>&nbsp;<\/td><td>&nbsp;<\/td><\/tr><tr><th>bis 12.09.26<\/th><td>34 Euro<\/td><td>21 Euro<\/td><td>16 Euro<\/td><td>9 Euro<\/td><\/tr><tr><th>&nbsp;<\/th><td>&nbsp;<\/td><td>&nbsp;<\/td><td>&nbsp;<\/td><td>&nbsp;<\/td><\/tr><tr><th>Nachmeldung (vor Ort) 13.09.26<\/th><td>39 Euro<\/td><td>24 Euro<\/td><td>18 Euro<\/td><td>10 Euro<\/td><\/tr><\/tbody><\/table><\/figure>\n\n\n\n<p>Die Teilnahme am Sparkassen Kids-Cup (Bambinilauf) ist kostenfrei.<br><br>*G\u00fcltig ist der Tag der Onlineanmeldung.<\/p>\n\n\n\n<p>Die Teilnahme am Sparkassen Kids-Cup (Bambinilauf) ist kostenfrei.<br>*G\u00fcltig ist der Tag der Onlineanmeldung.<br><strong><br>MELDESCHLUSS und NACHMELDUNGEN<\/strong><br>Meldeschluss ist der 12. September 2026, 23:59Uhr.<br><br>Nachmeldungen und Ummeldungen sind dann nur noch am 14. September 2025 bei der Startnummernausgabe im WelWel Sport- und Freizeitzentrum D\u00f6beln m\u00f6glich, die Bezahlung der Startgeb\u00fchr erfolgt dabei in bar.<br><br>Die Nachmeldegeb\u00fchr betr\u00e4gt 5 EUR f\u00fcr den Halbmarathon, 3 EUR f\u00fcr die 10 km, 2 EUR f\u00fcr die 5 km, 1 Euro f\u00fcr die 2,5 km.<br><br><br><strong>STARTZEITEN<\/strong><br>Sparkassen-Kids-Cup\u00a0\u00a0\u00a0\u00a0 9.40 Uhr<br><br>Halbmarathon\u00a0\u00a0\u00a0\u00a0\u00a0\u00a0\u00a0\u00a0\u00a0\u00a0\u00a0\u00a0\u00a0\u00a0 9.30 Uhr<br><br>10 km \/ 5 km \/ 2,5 km\u00a0\u00a0 10 Uhr \/ 10.05 Uhr \/ 10.10 Uhr<\/p>\n\n\n\n<h3 class=\"wp-block-heading\">Anreise und Parken<\/h3>\n\n\n\n<p>Folgen Sie bei der Anfahrt in Richtung D\u00f6belner Zentrum den innerst\u00e4dtischen Hinweisschildern \u201eZentrum\u201c bzw. \u201eObermarkt\u201c. Diese f\u00fchren Sie direkt in die historische Innenstadt.<\/p>\n\n\n\n<p>Der Obermarkt befindet sich zentral in D\u00f6beln und ist gut ausgeschildert. In der n\u00e4heren Umgebung stehen \u00f6ffentliche Parkm\u00f6glichkeiten zur Verf\u00fcgung (u. a. im Innenstadtbereich sowie in ausgewiesenen Parkzonen). Bitte beachten Sie die aktuelle Beschilderung vor Ort sowie m\u00f6gliche Hinweise von Helferinnen und Helfern.<\/p>\n<\/div>\n\n\n\n<div class=\"wp-block-column is-layout-flow wp-block-column-is-layout-flow\" style=\"flex-basis:33.33%\"><\/div>\n<\/div>\n","protected":false},"excerpt":{"rendered":"<p>13. D\u00f6belner Halbmarathon 2026 VERANSTALTER \u201eWelcome Wellness\u201c Sport- und Tanzverein D\u00f6beln e.V.Abt. &#8222;neuelaufkultur&#8220;Fichtestra\u00dfe 1004720 D\u00f6belnE-Mail: neuelaufkultur\u00a9web.dewww.neuelaufkultur.de\u00a0 ORGANISATIONSLEITUNGAndreas BunkE-Mail: neuelaufkultur\u00a9web.de STRECKEN*Sparkassen-Kids-Cup 800 Meter: m\/w Jahrgang 2015 \u2013 2018Sparkassen-Kids-Cup 400 Meter: m\/w Jahrgang 2019 und j\u00fcnger 2,5 km:\u00a0m\/w ab Jahrgang 2018 und \u00e4lter 5 km Lauf: m\/w ab Jahrgang 2016 und \u00e4lter 10 km Lauf: m\/w Jahrgang&#8230;<\/p>\n","protected":false},"author":2,"featured_media":125,"parent":0,"menu_order":0,"comment_status":"closed","ping_status":"closed","template":"","meta":{"_kad_post_transparent":"","_kad_post_title":"","_kad_post_layout":"","_kad_post_sidebar_id":"","_kad_post_content_style":"","_kad_post_vertical_padding":"","_kad_post_feature":"","_kad_post_feature_position":"","_kad_post_header":false,"_kad_post_footer":false,"_kad_post_classname":"","footnotes":""},"class_list":["post-46","page","type-page","status-publish","has-post-thumbnail","hentry"],"_links":{"self":[{"href":"https:\/\/dev.neuelaufkultur.de\/index.php\/wp-json\/wp\/v2\/pages\/46","targetHints":{"allow":["GET"]}}],"collection":[{"href":"https:\/\/dev.neuelaufkultur.de\/index.php\/wp-json\/wp\/v2\/pages"}],"about":[{"href":"https:\/\/dev.neuelaufkultur.de\/index.php\/wp-json\/wp\/v2\/types\/page"}],"author":[{"embeddable":true,"href":"https:\/\/dev.neuelaufkultur.de\/index.php\/wp-json\/wp\/v2\/users\/2"}],"replies":[{"embeddable":true,"href":"https:\/\/dev.neuelaufkultur.de\/index.php\/wp-json\/wp\/v2\/comments?post=46"}],"version-history":[{"count":11,"href":"https:\/\/dev.neuelaufkultur.de\/index.php\/wp-json\/wp\/v2\/pages\/46\/revisions"}],"predecessor-version":[{"id":139,"href":"https:\/\/dev.neuelaufkultur.de\/index.php\/wp-json\/wp\/v2\/pages\/46\/revisions\/139"}],"wp:featuredmedia":[{"embeddable":true,"href":"https:\/\/dev.neuelaufkultur.de\/index.php\/wp-json\/wp\/v2\/media\/125"}],"wp:attachment":[{"href":"https:\/\/dev.neuelaufkultur.de\/index.php\/wp-json\/wp\/v2\/media?parent=46"}],"curies":[{"name":"wp","href":"https:\/\/api.w.org\/{rel}","templated":true}]}}