{"id":35,"date":"2026-02-16T08:44:26","date_gmt":"2026-02-16T08:44:26","guid":{"rendered":"https:\/\/dev.neuelaufkultur.de\/?page_id=35"},"modified":"2026-02-18T08:09:34","modified_gmt":"2026-02-18T08:09:34","slug":"teamstaffel","status":"publish","type":"page","link":"https:\/\/dev.neuelaufkultur.de\/index.php\/teamstaffel\/","title":{"rendered":"Teamstaffel"},"content":{"rendered":"\n<h3 class=\"wp-block-heading\"><strong><strong><strong>Teamstaffel | Gemeinsam ans Ziel &#8211; Lauf mit uns in der Teamstaffel!<\/strong><\/strong><\/strong><\/h3>\n\n\n\n<p><strong>Schritt-f\u00fcr-Schritt-Erkl\u00e4rung zur Teamstaffelwertung am 13.09.2026<\/strong><\/p>\n\n\n\n<ol class=\"wp-block-list\">\n<li>Besucht unsere Website www.neuelaufkultur.de<\/li>\n\n\n\n<li>Klickt auf den Reiter Halbmarathon<\/li>\n\n\n\n<li>\u00dcber den Button [13. D\u00f6belner Halbmarathon 2026 \u2013 Hier geht \u0301s zur Anmeldung] kommt ihr auch wirklich zur Anmeldung<\/li>\n\n\n\n<li>Klickt dann auf der rechten Seite auf Sammelanmeldung \/ Firmenstaffelanmeldung<\/li>\n\n\n\n<li>Jetzt k\u00f6nnt ihr eure Teammitglieder eintragen und die Anmeldung abschlie\u00dfen<\/li>\n<\/ol>\n\n\n\n<h3 class=\"wp-block-heading\">Firmenstaffel | Wichtige Fragen im \u00dcberblick:<\/h3>\n\n\n\n<p><strong>Wieviel Personen sind ein Team?<\/strong><br>Die Firmen- oder Teamstaffel besteht aus drei Personen, bei der jeder einzeln&nbsp; jeweils eine unter-schiedliche Laufdistanz absolviert: 2,5 km, 5 km und 10 km.<\/p>\n\n\n\n<p><strong><br>Welche Zeiten werden gewertet?<\/strong><br>Jeder L\u00e4ufer wird einzeln gewertet. Aus diesen drei Einzelzeiten ermitteln wir au\u00dferdem eure Team-Gesamtzeit.<\/p>\n\n\n\n<p><br><strong>Gibt es ein gemeinsames Team-Foto?<\/strong><br>Ja, es gibt ein Teamfoto von euch. Vor dem Lauf findet sich euer Team ganz einfach in der WelWel-Veranstaltungshalle ein. Dort k\u00f6nnt ihr euch von unserem Fotograf verewigen lassen. Das Bild wird nach der Veranstaltung auf unserer Facebookseite hochgeladen.<\/p>\n\n\n\n<p><br><strong>K\u00f6nnen wir als Team gemeinsam ins Ziel einlaufen?<\/strong><br>Unbedingt! Es gibt vor der Ziellinie einen Staffelsammelpunkt am Schotterplatz n\u00e4he der Rettungssanit\u00e4ter (siehe Ausschilderung). Hier holen die 2,5 km- und 5 km-Distanzl\u00e4ufer nach ihrem eigenen Finish den 10 km-L\u00e4ufer ab und begleiten ihn ins Ziel.<\/p>\n\n\n\n<p><strong><br>Starten wir bei der Teamstaffel alle drei gemeinsam?<\/strong><br>Der Start erfolgt um 10 Uhr f\u00fcr die 10 km-Distanz. In 5-Minuten-Abst\u00e4nden starten dann die anderen Distanzen.<\/p>\n","protected":false},"excerpt":{"rendered":"<p>Teamstaffel | Gemeinsam ans Ziel &#8211; Lauf mit uns in der Teamstaffel! Schritt-f\u00fcr-Schritt-Erkl\u00e4rung zur Teamstaffelwertung am 13.09.2026 Firmenstaffel | Wichtige Fragen im \u00dcberblick: Wieviel Personen sind ein Team?Die Firmen- oder Teamstaffel besteht aus drei Personen, bei der jeder einzeln&nbsp; jeweils eine unter-schiedliche Laufdistanz absolviert: 2,5 km, 5 km und 10 km. Welche Zeiten werden gewertet?Jeder&#8230;<\/p>\n","protected":false},"author":2,"featured_media":126,"parent":0,"menu_order":0,"comment_status":"closed","ping_status":"closed","template":"","meta":{"_kad_post_transparent":"","_kad_post_title":"","_kad_post_layout":"","_kad_post_sidebar_id":"","_kad_post_content_style":"","_kad_post_vertical_padding":"","_kad_post_feature":"","_kad_post_feature_position":"","_kad_post_header":false,"_kad_post_footer":false,"_kad_post_classname":"","footnotes":""},"class_list":["post-35","page","type-page","status-publish","has-post-thumbnail","hentry"],"_links":{"self":[{"href":"https:\/\/dev.neuelaufkultur.de\/index.php\/wp-json\/wp\/v2\/pages\/35","targetHints":{"allow":["GET"]}}],"collection":[{"href":"https:\/\/dev.neuelaufkultur.de\/index.php\/wp-json\/wp\/v2\/pages"}],"about":[{"href":"https:\/\/dev.neuelaufkultur.de\/index.php\/wp-json\/wp\/v2\/types\/page"}],"author":[{"embeddable":true,"href":"https:\/\/dev.neuelaufkultur.de\/index.php\/wp-json\/wp\/v2\/users\/2"}],"replies":[{"embeddable":true,"href":"https:\/\/dev.neuelaufkultur.de\/index.php\/wp-json\/wp\/v2\/comments?post=35"}],"version-history":[{"count":1,"href":"https:\/\/dev.neuelaufkultur.de\/index.php\/wp-json\/wp\/v2\/pages\/35\/revisions"}],"predecessor-version":[{"id":37,"href":"https:\/\/dev.neuelaufkultur.de\/index.php\/wp-json\/wp\/v2\/pages\/35\/revisions\/37"}],"wp:featuredmedia":[{"embeddable":true,"href":"https:\/\/dev.neuelaufkultur.de\/index.php\/wp-json\/wp\/v2\/media\/126"}],"wp:attachment":[{"href":"https:\/\/dev.neuelaufkultur.de\/index.php\/wp-json\/wp\/v2\/media?parent=35"}],"curies":[{"name":"wp","href":"https:\/\/api.w.org\/{rel}","templated":true}]}}