{"id":21,"date":"2026-02-16T07:58:34","date_gmt":"2026-02-16T07:58:34","guid":{"rendered":"https:\/\/dev.neuelaufkultur.de\/?page_id=21"},"modified":"2026-02-21T10:02:22","modified_gmt":"2026-02-21T10:02:22","slug":"impressum","status":"publish","type":"page","link":"https:\/\/dev.neuelaufkultur.de\/index.php\/impressum\/","title":{"rendered":"Impressum"},"content":{"rendered":"\n<p>\u201eWelcome Wellness\u201c Sport- und Tanzverein D\u00f6beln e.V.<br>Abt. &#8222;neuelaufkultur&#8220;<br>Fichtestrasse 10<br>04720 D\u00f6beln<br>Mobil: 0173 &#8211; 3720617<br>E-Mail: <a href=\"javascript:linkTo_UnCryptMailto('ocknvq,pgwgncwhmwnvwtBygd0fg');\">neuelaufkultur\u00a9web.de<\/a><br><br>Vereinsregister: VR 5538 Amtsgericht Chemnitz ST NR. 236 \/ 141 \/ 02128<br>1. Vorsitzender: Thorsten Hartwig<br><br><strong>Organisationsleitung:<\/strong><br>Andreas Bunk<br><br><strong>Datenschutz:<\/strong> <a href=\"https:\/\/dev.neuelaufkultur.de\/index.php\/privacy-policy\/\" data-type=\"page\" data-id=\"3\">Datenschutzerkl\u00e4rung<\/a><br><br><strong>Links und Verweise<\/strong><br>Trotz sorgf\u00e4ltiger inhaltlicher Kontrolle \u00fcbernehmen wir keine Haftung f\u00fcr die Inhalte externer Links. F\u00fcr den Inhalt der verlinkten Seiten sind ausschlie\u00dflich deren Betreiber verantwortlich.<\/p>\n\n\n\n<h3 class=\"wp-block-heading\">Haftungsausschluss:<\/h3>\n\n\n\n<p><strong>Inhalt des Online Angebotes:<\/strong><br>Der Autor ist stets bestrebt die Webinhalte von neuelaufkultur.de aktuell und korrekt zu halten, \u00fcbernimmt aber keinerlei Gew\u00e4hr f\u00fcr die Aktualit\u00e4t, Korrektheit, Vollst\u00e4ndigkeit oder Qualit\u00e4t der bereitgestellten Informationen auf den Seiten von neuelaufkultur.de. Haftungsanspr\u00fcche gegen den Autor, welche sich auf Sch\u00e4den materieller oder ideeller Art beziehen, die durch die Nutzung oder Nichtnutzung der dargebotenen Informationen bzw. durch die Nutzung fehlerhafter und unvollst\u00e4ndiger Informationen verursacht wurden, sind grunds\u00e4tzlich ausgeschlossen, sofern seitens des Autors kein nachweislich vors\u00e4tzliches oder grob fahrl\u00e4ssiges Verschulden vorliegt. Alle Angebote sind freibleibend und unverbindlich. Der Autor beh\u00e4lt es sich ausdr\u00fccklich vor, Teile der Seiten oder das gesamte Angebot ohne gesonderte Ank\u00fcndigung zu ver\u00e4ndern, zu erg\u00e4nzen, zu l\u00f6schen oder die Ver\u00f6ffentlichung zeitweise oder endg\u00fcltig einzustellen.<br><br><strong>Links und Verweise<\/strong><br>Trotz sorgf\u00e4ltiger inhaltlicher Kontrolle \u00fcbernehmen wir keine Haftung f\u00fcr die Inhalte externer Links. F\u00fcr den Inhalt der verlinkten Seiten sind ausschlie\u00dflich deren Betreiber verantwortlich.<br>Grunds\u00e4tzlich genehmigen wir hiermit eine Verlinkung unserer Seite. Die Verlinkung von\/f\u00fcr Seiten, deren Inhalt ein strafrechtliches Vergehen darstellt und dem entsprechend auch geahndet wird, ist ausdr\u00fccklich untersagt.<br><br><strong>Copyright:<\/strong><br>Der Inhalt dieser Homepage ist urheberrechtlich gesch\u00fctzt. Alle Rechte, ebenfalls das der \u00dcbersetzung in fremde Sprachen, sind vorbehalten. Reproduktion bzw. Kopie in jeglicher Form, sowie Speicherung und Wiedergabe durch Datenverarbeitungsanlagen, auch auszugsweise, sind nur mit schriftlicher Genehmigung von neuelaufkultur erlaubt.<br>&nbsp;<strong><br>Bildquellen und -rechte:<\/strong><br>Einige unserer Fotos stammen von Fotolia.com. Die Lizenzen an allen genutzten Bildern wurden ordnungsgem\u00e4\u00df erworben. Sollten die Rechte an einem Bild in ihren Augen verletzt worden sein, bitten wir Sie, uns dies mitzuteilen.<br><br><strong>Urheber- und Kennzeichenrecht:<\/strong><br>Der Autor ist bestrebt, in allen Publikationen die Urheberrechte der verwendeten Grafiken, Tondokumente, Videosequenzen und Texte zu beachten, von ihm selbst erstellte Grafiken, Tondokumente, Videosequenzen und Texte zu nutzen oder auf lizenzfreie Grafiken, Tondokumente, Videosequenzen und Texte zur\u00fcckzugreifen.<br><br>Alle innerhalb des Internetangebotes genannten und ggf. durch Dritte gesch\u00fctzten Marken- und Warenzeichen unterliegen uneingeschr\u00e4nkt den Bestimmungen des jeweils g\u00fcltigen Kennzeichenrechts und den Besitzrechten der jeweiligen eingetragenen Eigent\u00fcmer. Allein aufgrund der blo\u00dfen Nennung ist nicht der Schluss zu ziehen, dass Markenzeichen nicht durch Rechte Dritter gesch\u00fctzt sind! Falls mit unserer Ver\u00f6ffentlichung Ihr Copyright verletzt wird, bitten wir um Nachricht.<br><br><strong>Schadensminderungspflicht:<\/strong><br>Im Falle von Domainstreitigkeiten oder wettbewerbsrechtlichen oder \u00e4hnlichen Problemen bitten wir Sie, zur Vermeidung unn\u00f6tiger Rechtsstreite und Kosten, uns bereits im Vorfeld zu kontaktieren. Die Kostennote einer anwaltlichen Abmahnung ohne vorhergehende Kontaktaufnahme mit uns, wird im Sinne der Schadensminderungspflicht als unbegr\u00fcndet zur\u00fcckgewiesen.<\/p>\n","protected":false},"excerpt":{"rendered":"<p>\u201eWelcome Wellness\u201c Sport- und Tanzverein D\u00f6beln e.V.Abt. &#8222;neuelaufkultur&#8220;Fichtestrasse 1004720 D\u00f6belnMobil: 0173 &#8211; 3720617E-Mail: neuelaufkultur\u00a9web.de Vereinsregister: VR 5538 Amtsgericht Chemnitz ST NR. 236 \/ 141 \/ 021281. Vorsitzender: Thorsten Hartwig Organisationsleitung:Andreas Bunk Datenschutz: Datenschutzerkl\u00e4rung Links und VerweiseTrotz sorgf\u00e4ltiger inhaltlicher Kontrolle \u00fcbernehmen wir keine Haftung f\u00fcr die Inhalte externer Links. F\u00fcr den Inhalt der verlinkten Seiten sind&#8230;<\/p>\n","protected":false},"author":2,"featured_media":0,"parent":0,"menu_order":0,"comment_status":"closed","ping_status":"closed","template":"","meta":{"_kad_post_transparent":"","_kad_post_title":"","_kad_post_layout":"normal","_kad_post_sidebar_id":"","_kad_post_content_style":"","_kad_post_vertical_padding":"","_kad_post_feature":"","_kad_post_feature_position":"","_kad_post_header":false,"_kad_post_footer":false,"_kad_post_classname":"","footnotes":""},"class_list":["post-21","page","type-page","status-publish","hentry"],"_links":{"self":[{"href":"https:\/\/dev.neuelaufkultur.de\/index.php\/wp-json\/wp\/v2\/pages\/21","targetHints":{"allow":["GET"]}}],"collection":[{"href":"https:\/\/dev.neuelaufkultur.de\/index.php\/wp-json\/wp\/v2\/pages"}],"about":[{"href":"https:\/\/dev.neuelaufkultur.de\/index.php\/wp-json\/wp\/v2\/types\/page"}],"author":[{"embeddable":true,"href":"https:\/\/dev.neuelaufkultur.de\/index.php\/wp-json\/wp\/v2\/users\/2"}],"replies":[{"embeddable":true,"href":"https:\/\/dev.neuelaufkultur.de\/index.php\/wp-json\/wp\/v2\/comments?post=21"}],"version-history":[{"count":3,"href":"https:\/\/dev.neuelaufkultur.de\/index.php\/wp-json\/wp\/v2\/pages\/21\/revisions"}],"predecessor-version":[{"id":142,"href":"https:\/\/dev.neuelaufkultur.de\/index.php\/wp-json\/wp\/v2\/pages\/21\/revisions\/142"}],"wp:attachment":[{"href":"https:\/\/dev.neuelaufkultur.de\/index.php\/wp-json\/wp\/v2\/media?parent=21"}],"curies":[{"name":"wp","href":"https:\/\/api.w.org\/{rel}","templated":true}]}}