{"id":2,"date":"2025-12-08T07:53:17","date_gmt":"2025-12-08T07:53:17","guid":{"rendered":"https:\/\/dev.neuelaufkultur.de\/?page_id=2"},"modified":"2026-02-22T15:25:26","modified_gmt":"2026-02-22T15:25:26","slug":"sample-page","status":"publish","type":"page","link":"https:\/\/dev.neuelaufkultur.de\/","title":{"rendered":"Startseite"},"content":{"rendered":"\n\n\n\n<div style=\"height:54px\" aria-hidden=\"true\" class=\"wp-block-spacer\"><\/div>\n\n\n\n<style type='text\/css'>.wpcdt-timer-174 .wpcdt-clock{max-width: 750px;}<\/style>\n<div class=\"wpcdt-wrap wpcdt-timer-wrap wpcdt-clearfix  wpcdt-timer-circle wpcdt-timer-174\" data-conf=\"{&quot;current_date&quot;:&quot;2026-04-07 11:22:55&quot;,&quot;expiry_date&quot;:&quot;2026-09-13 09:40:00&quot;,&quot;timercircle_animation&quot;:&quot;ticks&quot;,&quot;timercircle_width&quot;:0.1,&quot;timer_bg_width&quot;:1.2,&quot;timer_bgclr&quot;:&quot;#313332&quot;,&quot;timer_day_bgclr&quot;:&quot;#1e73be&quot;,&quot;timer_hour_bgclr&quot;:&quot;#3bb0e2&quot;,&quot;timer_minute_bgclr&quot;:&quot;#ff5b79&quot;,&quot;timer_second_bgclr&quot;:&quot;#66c5af&quot;,&quot;day_text&quot;:&quot;Days&quot;,&quot;hour_text&quot;:&quot;Hours&quot;,&quot;minute_text&quot;:&quot;Minutes&quot;,&quot;second_text&quot;:&quot;Seconds&quot;,&quot;is_days&quot;:1,&quot;is_hours&quot;:1,&quot;is_minutes&quot;:1,&quot;is_seconds&quot;:1}\">\n\t<div class=\"wpcdt-timer-inr wpcdt-timer wpcdt-timer-js\" id=\"wpcdt-timer-1\" data-id=\"174\">\n\t\t<div class=\"wpcdt-clock wpcdt-clock-circle\" data-timer=\"13731425\"><\/div>\n\t<\/div>\n<\/div>\n\n\n\n<div style=\"height:54px\" aria-hidden=\"true\" class=\"wp-block-spacer\"><\/div>\n\n\n\n<div class=\"wp-block-columns is-layout-flex wp-container-core-columns-is-layout-9d6595d7 wp-block-columns-is-layout-flex\">\n<div class=\"wp-block-column is-layout-flow wp-block-column-is-layout-flow\">\n<h2 class=\"wp-block-heading\">Herzlich Willkommen beim Team neuelaufkultur!<\/h2>\n\n\n\n<p><strong>Laufbegeisterte aufgepasst!<\/strong> Ihr seid auf der richtigen Seite gelandet, wenn es um Leidenschaft und Freude am Laufen geht. Hier beim Team neuelaufkultur dreht sich alles um Bewegung, Gemeinschaft und das Erreichen neuer Ziele.<\/p>\n\n\n\n<p>Auf unserer Seite findet ihr alle <strong>aktuellen Informationen und spannende Neuigkeiten<\/strong> rund um unsere beliebten Laufveranstaltungen \u2013 den <strong>D\u00f6belner Halbmarathon<\/strong> und den vorweihnachtlichen <strong>D\u00f6belner Nikolauslauf<\/strong>. Ob ihr ein erfahrener Marathonl\u00e4ufer seid oder gerade erst mit dem Laufen beginnt, unsere Events bieten f\u00fcr jeden etwas.<\/p>\n\n\n\n<p><strong>Willkommen in der Welt von neuelaufkultur \u2013 wo jeder Schritt z\u00e4hlt!<\/strong><\/p>\n<\/div>\n\n\n\n<div class=\"wp-block-column is-layout-flow wp-block-column-is-layout-flow\">\n<h2 class=\"wp-block-heading\"><a href=\"https:\/\/dev.neuelaufkultur.de\/index.php\/halbmarathon\/\" data-type=\"page\" data-id=\"24\">D\u00f6belner Halbmarathon:<\/a><\/h2>\n\n\n\n<p>Ein Highlight in unserem Laufkalender! Diese Veranstaltung lockt jedes Jahr Laufenthusiasten aus der ganzen Region an. Mit seiner malerischen Route und der dynamischen Atmosph\u00e4re ist dieser Halbmarathon ein Muss f\u00fcr jeden Laufbegeisterten.<\/p>\n\n\n\n<h2 class=\"wp-block-heading\"><a href=\"https:\/\/dev.neuelaufkultur.de\/index.php\/nikolauslauf\/\" data-type=\"page\" data-id=\"27\">D\u00f6belner Nikolauslauf:<\/a><\/h2>\n\n\n\n<p>Ein festlicher Lauf, der in der besinnlichen Adventszeit stattfindet. Zieht eure Nikolausm\u00fctzen auf und seid Teil dieses einzigartigen Laufevents, das Spa\u00df, Fitness und weihnachtliche Freude vereint.<\/p>\n<\/div>\n\n\n\n<div class=\"wp-block-column is-layout-flow wp-block-column-is-layout-flow\">\n<h2 class=\"wp-block-heading\"><a href=\"https:\/\/baer-service.de\/ergebnisse\/DHM\/2023\">12. D\u00f6belner Halbmarathon &#8211; Eure Ergebnisse sind da!<\/a><\/h2>\n\n\n\n<p>Ein gro\u00dfes Bravo an alle L\u00e4uferinnen und L\u00e4ufer! Ihr habt beim 12. D\u00f6belner Halbmarathon wahre Ausdauer und Sportgeist gezeigt. Jetzt ist der Moment gekommen, auf den ihr alle gewartet habt: Die Ergebnisse sind bereit zur Einsicht!<\/p>\n\n\n\n<p>Ihr k\u00f6nnt eure pers\u00f6nlichen Zeiten, Platzierungen und alle wichtigen Statistiken hier auf unserer Website finden. Egal ob ihr eure eigene Leistung \u00fcberpr\u00fcfen oder sehen m\u00f6chtet, wie eure Mitl\u00e4uferinnen und Mitl\u00e4ufer abgeschnitten haben, alle Informationen sind nur einen Klick entfernt.<\/p>\n\n\n\n<p><strong><a href=\"https:\/\/baer-service.de\/ergebnisse\/DHM\/2023\" target=\"_blank\" rel=\"noreferrer noopener\">&gt;&gt;&gt; Hier klicken, um zu den Ergebnissen zu gelangen<\/a><\/strong><\/p>\n<\/div>\n<\/div>\n","protected":false},"excerpt":{"rendered":"<p>Herzlich Willkommen beim Team neuelaufkultur! Laufbegeisterte aufgepasst! Ihr seid auf der richtigen Seite gelandet, wenn es um Leidenschaft und Freude am Laufen geht. Hier beim Team neuelaufkultur dreht sich alles um Bewegung, Gemeinschaft und das Erreichen neuer Ziele. Auf unserer Seite findet ihr alle aktuellen Informationen und spannende Neuigkeiten rund um unsere beliebten Laufveranstaltungen \u2013&#8230;<\/p>\n","protected":false},"author":1,"featured_media":0,"parent":0,"menu_order":0,"comment_status":"closed","ping_status":"open","template":"","meta":{"_kad_post_transparent":"","_kad_post_title":"hide","_kad_post_layout":"normal","_kad_post_sidebar_id":"","_kad_post_content_style":"","_kad_post_vertical_padding":"","_kad_post_feature":"","_kad_post_feature_position":"","_kad_post_header":false,"_kad_post_footer":false,"_kad_post_classname":"","footnotes":""},"class_list":["post-2","page","type-page","status-publish","hentry"],"_links":{"self":[{"href":"https:\/\/dev.neuelaufkultur.de\/index.php\/wp-json\/wp\/v2\/pages\/2","targetHints":{"allow":["GET"]}}],"collection":[{"href":"https:\/\/dev.neuelaufkultur.de\/index.php\/wp-json\/wp\/v2\/pages"}],"about":[{"href":"https:\/\/dev.neuelaufkultur.de\/index.php\/wp-json\/wp\/v2\/types\/page"}],"author":[{"embeddable":true,"href":"https:\/\/dev.neuelaufkultur.de\/index.php\/wp-json\/wp\/v2\/users\/1"}],"replies":[{"embeddable":true,"href":"https:\/\/dev.neuelaufkultur.de\/index.php\/wp-json\/wp\/v2\/comments?post=2"}],"version-history":[{"count":18,"href":"https:\/\/dev.neuelaufkultur.de\/index.php\/wp-json\/wp\/v2\/pages\/2\/revisions"}],"predecessor-version":[{"id":189,"href":"https:\/\/dev.neuelaufkultur.de\/index.php\/wp-json\/wp\/v2\/pages\/2\/revisions\/189"}],"wp:attachment":[{"href":"https:\/\/dev.neuelaufkultur.de\/index.php\/wp-json\/wp\/v2\/media?parent=2"}],"curies":[{"name":"wp","href":"https:\/\/api.w.org\/{rel}","templated":true}]}}